{"id":247,"date":"2024-07-08T09:39:42","date_gmt":"2024-07-08T07:39:42","guid":{"rendered":"https:\/\/dwitalia.com\/?page_id=247"},"modified":"2024-07-11T10:22:48","modified_gmt":"2024-07-11T08:22:48","slug":"privacy-policy","status":"publish","type":"page","link":"https:\/\/dwitalia.com\/fr\/privacy-policy\/","title":{"rendered":"Confidentialit\u00e9 et Cookies"},"content":{"rendered":"<div class=\"wpb-content-wrapper\"><p>[vc_row full_width=\u00a0\u00bbstretch_row\u00a0\u00bb el_class=\u00a0\u00bbbg-grey\u00a0\u00bb css=\u00a0\u00bb.vc_custom_1720602084433{padding-top: 100px !important;padding-bottom: 100px !important;}\u00a0\u00bb][vc_column][vc_column_text css=\u00a0\u00bb.vc_custom_1720684189985{margin-bottom: 0px !important;}\u00a0\u00bb]<\/p>\n<h1>Confidentialit\u00e9 et Cookies<\/h1>\n<p>[\/vc_column_text][\/vc_column][\/vc_row][vc_row][vc_column][vc_empty_space height=\u00a0\u00bb100px\u00a0\u00bb][\/vc_column][\/vc_row][vc_row][vc_column][vc_column_text css=\u00a0\u00bb\u00a0\u00bb]DW ITALIA SRL,\u00a0Responsable\u00a0du traitement,\u00a0souhaite vous fournir des informations sur le traitement de vos donn\u00e9es personnelles.<\/p>\n<p><strong>1. Finalit\u00e9 (et bases juridiques du traitement)<\/strong><\/p>\n<p>Les donn\u00e9es personnelles que vous nous fournissez ainsi que celles d\u00e9duites de la navigation sur nos sites seront utilis\u00e9es aux fins de :<br \/>\n1. a) assurer le service d\u2019inscription sur le site et les services associ\u00e9s, pour les besoins pr\u00e9alables \u00e0 la conclusion des contrats de vente, en assurer le suivi et prot\u00e9ger les positions cr\u00e9ditrices qui en r\u00e9sultent (ex\u00e9cution du contrat entre les parties);<br \/>\n2. b) pour des besoins op\u00e9rationnels, de gestion, administratifs et comptables, y compris l\u2019envoi de factures commerciales par courrier \u00e9lectronique (dans le respect des obligations l\u00e9gales, notamment en mati\u00e8re fiscale);<br \/>\n3. c) permettre l\u2019acc\u00e8s et la navigation aux sites, traiter des statistiques anonymes sur leur utilisation, v\u00e9rifier leur fonctionnement et d\u00e9terminer toute responsabilit\u00e9 en cas d\u2019actes illicites (int\u00e9r\u00eat l\u00e9gitime d\u2019DW ITALIA SRL);<br \/>\n4. d) mener des activit\u00e9s de marketing, d\u2019information commerciale et de promotion pour DW ITALIA SRL, y compris celles bas\u00e9es sur le profilage, y compris l\u2019envoi de newsletters et de mat\u00e9riel publicitaire \u00e9galement via des applications de messagerie.\u00a0Les activit\u00e9s de profilage qui seront r\u00e9alis\u00e9es seront bas\u00e9es sur l\u2019analyse du comportement de navigation et d\u2019achat et utilis\u00e9es \u00e0 des fins de publicit\u00e9 comportementale (avec consentement explicite).<br \/>\nLa fourniture des donn\u00e9es aux fins contractuelles vis\u00e9es aux points\u00a0\u00a0a), b) et c)\u00a0est obligatoire (en son absence, il n\u2019est pas possible de donner suite au contrat de vente et \u00e0 la fourniture des services associ\u00e9s).<\/p>\n<p>Aux fins de marketing mentionn\u00e9es au point\u00a0\u00a0d),\u00a0\u00a0il vous sera demand\u00e9 de donner votre consentement, sans pr\u00e9judice du droit de r\u00e9tractation \u00e0 tout moment (sans pr\u00e9judice de la lic\u00e9it\u00e9 du traitement pr\u00e9c\u00e9dent).<\/p>\n<p><strong>2. Cookies<\/strong><\/p>\n<p>DW ITALIA SRL souhaite \u00e9galement vous informer qu\u2019en acc\u00e9dant au site, des \u00ab cookies \u00bb peuvent \u00eatre envoy\u00e9s sur votre ordinateur.\u00a0DW ITALIA SRL se r\u00e9serve le droit d\u2019utiliser des cookies, avec le consentement de l\u2019utilisateur, lorsque la loi ou la r\u00e9glementation applicable l\u2019\u00e9tablit, pour faciliter la navigation sur ce site et personnaliser les informations qui apparaissent.\u00a0DW ITALIA SRL se r\u00e9serve \u00e9galement le droit d\u2019utiliser des syst\u00e8mes similaires pour collecter des informations sur les utilisateurs du site, telles que l\u2019adresse IP, le type de navigateur Internet et le syst\u00e8me d\u2019exploitation utilis\u00e9 et\/ou les pages Web visit\u00e9es par un utilisateur, \u00e0 des fins statistiques ou de s\u00e9curit\u00e9.\u00a0Le site DW ITALIA SRL peut collecter ces informations pour suivre l\u2019utilisation du site et am\u00e9liorer certains aspects.\u00a0Nous utilisons notamment des cookies aux fins suivantes:<br \/>\nCookies de navigation<br \/>\nCookies fonctionnels<br \/>\nCookies de statistiques et de performances<br \/>\nCookies publicitaires et comportementaux<br \/>\nCookies de services externes<br \/>\nIl est possible d\u2019emp\u00eacher un site d\u2019utiliser des cookies pour les activit\u00e9s d\u00e9crites ou il est possible de supprimer tous les cookies enregistr\u00e9s gr\u00e2ce aux outils mis \u00e0 disposition par votre navigateur.\u00a0Veuillez noter que si vous d\u00e9cidez de d\u00e9sactiver tous les cookies, certaines fonctionnalit\u00e9s du site que vous naviguez peuvent \u00eatre compromises.<\/p>\n<p><strong>3. Communication de donn\u00e9es \u2013 Transfert de donn\u00e9es \u00e0 l\u2019\u00e9tranger<\/strong><\/p>\n<p>Les donn\u00e9es personnelles collect\u00e9es pourront \u00eatre communiqu\u00e9es, dans la mesure de leur comp\u00e9tence sp\u00e9cifique, aux administrations publiques pour l\u2019exercice de fonctions institutionnelles, aux \u00e9tablissements bancaires, \u00e0 des entit\u00e9s sp\u00e9cialis\u00e9es dans la gestion des syst\u00e8mes d\u2019information et\/ou des syst\u00e8mes de paiement, aux entit\u00e9s qui fournissent le les biens et services offerts par DW ITALIA SRL, aux entit\u00e9s qui exercent des activit\u00e9s de transport ou d\u2019exp\u00e9dition, aux entit\u00e9s qu\u2019DW ITALIA SRL utilise pour r\u00e9aliser des activit\u00e9s de promotion, de publicit\u00e9, de marketing et de communication, aux cabinets d\u2019avocats et de conseil, aux sujets charg\u00e9s de conserver les comptes ou le contr\u00f4le des \u00e9tats financiers de l\u2019entreprise, aux autorit\u00e9s publiques pour la conformit\u00e9 l\u00e9gale.<br \/>\nEn aucun cas, les donn\u00e9es personnelles ne seront divulgu\u00e9es.<br \/>\nDans la mesure strictement n\u00e9cessaire \u00e0 l\u2019ex\u00e9cution de la relation contractuelle, vos donn\u00e9es personnelles pourront \u00eatre communiqu\u00e9es \u00e0 des tiers, comme par exemple des fournisseurs de produits et\/ou services, situ\u00e9s aussi bien au sein de l\u2019Union europ\u00e9enne qu\u2019en dehors de celle-ci. Tout transfert hors UE est r\u00e9glement\u00e9 par des contrats sp\u00e9cifiques visant \u00e0 obliger le destinataire \u00e0 respecter les garanties ad\u00e9quates pr\u00e9vues par la l\u00e9gislation en vigueur.<\/p>\n<p><strong>4. Aspects g\u00e9n\u00e9raux<\/strong><\/p>\n<p>Le traitement de vos donn\u00e9es personnelles pourra consister, outre leur collecte, \u00e0 leur enregistrement, stockage, modification, communication, annulation sous forme automatis\u00e9e ou semi-automatis\u00e9e et leur stockage des donn\u00e9es aura lieu sous forme papier et\/ou \u00e9lectronique\/informatique\/. forme optique.<br \/>\nToutes les donn\u00e9es personnelles trait\u00e9es par DW ITALIA SRL sont prot\u00e9g\u00e9es par des mesures de s\u00e9curit\u00e9 ad\u00e9quates, comme l\u2019exige la l\u00e9gislation en vigueur et pendant le temps strictement n\u00e9cessaire pour atteindre les finalit\u00e9s mentionn\u00e9es au point 1.<br \/>\nLe crit\u00e8re retenu pour d\u00e9terminer la\u00a0dur\u00e9e de conservation\u00a0des donn\u00e9es personnelles est:<br \/>\nPour les finalit\u00e9s vis\u00e9es aux points\u00a0\u00a0a) et b),\u00a0vos donn\u00e9es seront conserv\u00e9es pendant la dur\u00e9e requise par la loi.<br \/>\nPour les finalit\u00e9s vis\u00e9es au point\u00a0c),\u00a0les donn\u00e9es seront conserv\u00e9es pendant 5 ans.<br \/>\nAux fins vis\u00e9es au point d), les donn\u00e9es seront conserv\u00e9es jusqu\u2019\u00e0 la r\u00e9vocation du consentement ou jusqu\u2019\u00e0 l\u2019interruption de la relation contractuelle.<br \/>\nComme l\u2019exige l\u2019art.\u00a013 et 15 du RGPD (UE) 2016\/679, nous vous rappelons que vous avez le droit de demander \u00e0 DW ITALIA SRL d\u2019acc\u00e9der \u00e0 vos donn\u00e9es personnelles, de les rectifier, de les supprimer (le cas \u00e9ch\u00e9ant) ou de limiter leur traitement.\u00a0Vous avez \u00e9galement le droit de r\u00e9voquer l\u2019autorisation de traiter les donn\u00e9es pour lesquelles vous avez exprim\u00e9 votre consentement, ainsi que le droit de d\u00e9poser une plainte aupr\u00e8s de l\u2019Autorit\u00e9 de protection des donn\u00e9es personnelles.<br \/>\nTous les droits r\u00e9sum\u00e9s ci-dessus peuvent \u00eatre exerc\u00e9s en \u00e9crivant \u00e0 l\u2019adresse :\u00a0dwitalia@outlook.com<br \/>\nNous nous occuperons de vous r\u00e9pondre dans les plus brefs d\u00e9lais.<br \/>\nLe responsable du traitement est DW ITALIA SRL, en la personne de la repr\u00e9sentante l\u00e9gale\u00a0\u00a0pro tempore\u00a0dont le si\u00e8ge social est situ\u00e9 Via Einaudi, 43 20821 Meda (MB) Italy.<\/p>\n<p>DW ITALIA SRL a pour mission particuli\u00e8re de g\u00e9rer les consentements de mani\u00e8re coh\u00e9rente et conforme et de garantir l\u2019exercice des droits ci-dessus.<br \/>\nDW ITALIA SRL est toujours joignable, pour des \u00e9claircissements, \u00e0 l\u2019adresse e-mail:\u00a0dwitalia@outlook.com[\/vc_column_text][\/vc_column][\/vc_row][vc_row][vc_column][vc_empty_space height=\u00a0\u00bb100px\u00a0\u00bb][\/vc_column][\/vc_row]<\/p>\n<\/div>","protected":false},"excerpt":{"rendered":"<p>[vc_row full_width=\u00a0\u00bbstretch_row\u00a0\u00bb el_class=\u00a0\u00bbbg-grey\u00a0\u00bb css=\u00a0\u00bb.vc_custom_1720602084433{padding-top: 100px !important;padding-bottom: 100px !important;}\u00a0\u00bb][vc_column][vc_column_text css=\u00a0\u00bb.vc_custom_1720684189985{margin-bottom: 0px !important;}\u00a0\u00bb] Confidentialit\u00e9 et Cookies [\/vc_column_text][\/vc_column][\/vc_row][vc_row][vc_column][vc_empty_space height=\u00a0\u00bb100px\u00a0\u00bb][\/vc_column][\/vc_row][vc_row][vc_column][vc_column_text css=\u00a0\u00bb\u00a0\u00bb]DW ITALIA SRL,\u00a0Responsable\u00a0du traitement,\u00a0souhaite vous fournir des informations sur le traitement de vos donn\u00e9es personnelles. 1. Finalit\u00e9 (et bases juridiques du traitement) Les donn\u00e9es personnelles que vous nous fournissez ainsi que celles d\u00e9duites de la navigation sur nos sites [&hellip;]<\/p>\n","protected":false},"author":1,"featured_media":0,"parent":0,"menu_order":0,"comment_status":"closed","ping_status":"closed","template":"","meta":{"footnotes":""},"class_list":["post-247","page","type-page","status-publish","hentry"],"yoast_head":"<!-- This site is optimized with the Yoast SEO plugin v25.5 - https:\/\/yoast.com\/wordpress\/plugins\/seo\/ -->\n<title>Confidentialit\u00e9 et Cookies - DW Italia<\/title>\n<meta name=\"robots\" content=\"index, follow, max-snippet:-1, max-image-preview:large, max-video-preview:-1\" \/>\n<link rel=\"canonical\" href=\"https:\/\/dwitalia.com\/fr\/privacy-policy\/\" \/>\n<meta property=\"og:locale\" content=\"fr_FR\" \/>\n<meta property=\"og:type\" content=\"article\" \/>\n<meta property=\"og:title\" content=\"Confidentialit\u00e9 et Cookies - DW Italia\" \/>\n<meta property=\"og:description\" content=\"[vc_row full_width=\u00a0\u00bbstretch_row\u00a0\u00bb el_class=\u00a0\u00bbbg-grey\u00a0\u00bb css=\u00a0\u00bb.vc_custom_1720602084433{padding-top: 100px !important;padding-bottom: 100px !important;}\u00a0\u00bb][vc_column][vc_column_text css=\u00a0\u00bb.vc_custom_1720684189985{margin-bottom: 0px !important;}\u00a0\u00bb] Confidentialit\u00e9 et Cookies [\/vc_column_text][\/vc_column][\/vc_row][vc_row][vc_column][vc_empty_space height=\u00a0\u00bb100px\u00a0\u00bb][\/vc_column][\/vc_row][vc_row][vc_column][vc_column_text css=\u00a0\u00bb\u00a0\u00bb]DW ITALIA SRL,\u00a0Responsable\u00a0du traitement,\u00a0souhaite vous fournir des informations sur le traitement de vos donn\u00e9es personnelles. 1. Finalit\u00e9 (et bases juridiques du traitement) Les donn\u00e9es personnelles que vous nous fournissez ainsi que celles d\u00e9duites de la navigation sur nos sites [&hellip;]\" \/>\n<meta property=\"og:url\" content=\"https:\/\/dwitalia.com\/fr\/privacy-policy\/\" \/>\n<meta property=\"og:site_name\" content=\"DW Italia\" \/>\n<meta property=\"article:modified_time\" content=\"2024-07-11T08:22:48+00:00\" \/>\n<meta name=\"twitter:card\" content=\"summary_large_image\" \/>\n<meta name=\"twitter:label1\" content=\"Dur\u00e9e de lecture estim\u00e9e\" \/>\n\t<meta name=\"twitter:data1\" content=\"6 minutes\" \/>\n<script type=\"application\/ld+json\" class=\"yoast-schema-graph\">{\"@context\":\"https:\/\/schema.org\",\"@graph\":[{\"@type\":\"WebPage\",\"@id\":\"https:\/\/dwitalia.com\/fr\/privacy-policy\/\",\"url\":\"https:\/\/dwitalia.com\/fr\/privacy-policy\/\",\"name\":\"Confidentialit\u00e9 et Cookies - DW Italia\",\"isPartOf\":{\"@id\":\"https:\/\/dwitalia.com\/fr\/#website\"},\"datePublished\":\"2024-07-08T07:39:42+00:00\",\"dateModified\":\"2024-07-11T08:22:48+00:00\",\"breadcrumb\":{\"@id\":\"https:\/\/dwitalia.com\/fr\/privacy-policy\/#breadcrumb\"},\"inLanguage\":\"fr-FR\",\"potentialAction\":[{\"@type\":\"ReadAction\",\"target\":[\"https:\/\/dwitalia.com\/fr\/privacy-policy\/\"]}]},{\"@type\":\"BreadcrumbList\",\"@id\":\"https:\/\/dwitalia.com\/fr\/privacy-policy\/#breadcrumb\",\"itemListElement\":[{\"@type\":\"ListItem\",\"position\":1,\"name\":\"Home\",\"item\":\"https:\/\/dwitalia.com\/fr\/\"},{\"@type\":\"ListItem\",\"position\":2,\"name\":\"Confidentialit\u00e9 et Cookies\"}]},{\"@type\":\"WebSite\",\"@id\":\"https:\/\/dwitalia.com\/fr\/#website\",\"url\":\"https:\/\/dwitalia.com\/fr\/\",\"name\":\"DW Italia\",\"description\":\"Terzisti di professione\",\"publisher\":{\"@id\":\"https:\/\/dwitalia.com\/fr\/#organization\"},\"potentialAction\":[{\"@type\":\"SearchAction\",\"target\":{\"@type\":\"EntryPoint\",\"urlTemplate\":\"https:\/\/dwitalia.com\/fr\/?s={search_term_string}\"},\"query-input\":{\"@type\":\"PropertyValueSpecification\",\"valueRequired\":true,\"valueName\":\"search_term_string\"}}],\"inLanguage\":\"fr-FR\"},{\"@type\":\"Organization\",\"@id\":\"https:\/\/dwitalia.com\/fr\/#organization\",\"name\":\"DW Italia\",\"url\":\"https:\/\/dwitalia.com\/fr\/\",\"logo\":{\"@type\":\"ImageObject\",\"inLanguage\":\"fr-FR\",\"@id\":\"https:\/\/dwitalia.com\/fr\/#\/schema\/logo\/image\/\",\"url\":\"https:\/\/dwitalia.com\/wp-content\/uploads\/2024\/07\/LOGO-DW-ITALIA.png\",\"contentUrl\":\"https:\/\/dwitalia.com\/wp-content\/uploads\/2024\/07\/LOGO-DW-ITALIA.png\",\"width\":2573,\"height\":724,\"caption\":\"DW Italia\"},\"image\":{\"@id\":\"https:\/\/dwitalia.com\/fr\/#\/schema\/logo\/image\/\"}}]}<\/script>\n<!-- \/ Yoast SEO plugin. -->","yoast_head_json":{"title":"Confidentialit\u00e9 et Cookies - DW Italia","robots":{"index":"index","follow":"follow","max-snippet":"max-snippet:-1","max-image-preview":"max-image-preview:large","max-video-preview":"max-video-preview:-1"},"canonical":"https:\/\/dwitalia.com\/fr\/privacy-policy\/","og_locale":"fr_FR","og_type":"article","og_title":"Confidentialit\u00e9 et Cookies - DW Italia","og_description":"[vc_row full_width=\u00a0\u00bbstretch_row\u00a0\u00bb el_class=\u00a0\u00bbbg-grey\u00a0\u00bb css=\u00a0\u00bb.vc_custom_1720602084433{padding-top: 100px !important;padding-bottom: 100px !important;}\u00a0\u00bb][vc_column][vc_column_text css=\u00a0\u00bb.vc_custom_1720684189985{margin-bottom: 0px !important;}\u00a0\u00bb] Confidentialit\u00e9 et Cookies [\/vc_column_text][\/vc_column][\/vc_row][vc_row][vc_column][vc_empty_space height=\u00a0\u00bb100px\u00a0\u00bb][\/vc_column][\/vc_row][vc_row][vc_column][vc_column_text css=\u00a0\u00bb\u00a0\u00bb]DW ITALIA SRL,\u00a0Responsable\u00a0du traitement,\u00a0souhaite vous fournir des informations sur le traitement de vos donn\u00e9es personnelles. 1. Finalit\u00e9 (et bases juridiques du traitement) Les donn\u00e9es personnelles que vous nous fournissez ainsi que celles d\u00e9duites de la navigation sur nos sites [&hellip;]","og_url":"https:\/\/dwitalia.com\/fr\/privacy-policy\/","og_site_name":"DW Italia","article_modified_time":"2024-07-11T08:22:48+00:00","twitter_card":"summary_large_image","twitter_misc":{"Dur\u00e9e de lecture estim\u00e9e":"6 minutes"},"schema":{"@context":"https:\/\/schema.org","@graph":[{"@type":"WebPage","@id":"https:\/\/dwitalia.com\/fr\/privacy-policy\/","url":"https:\/\/dwitalia.com\/fr\/privacy-policy\/","name":"Confidentialit\u00e9 et Cookies - DW Italia","isPartOf":{"@id":"https:\/\/dwitalia.com\/fr\/#website"},"datePublished":"2024-07-08T07:39:42+00:00","dateModified":"2024-07-11T08:22:48+00:00","breadcrumb":{"@id":"https:\/\/dwitalia.com\/fr\/privacy-policy\/#breadcrumb"},"inLanguage":"fr-FR","potentialAction":[{"@type":"ReadAction","target":["https:\/\/dwitalia.com\/fr\/privacy-policy\/"]}]},{"@type":"BreadcrumbList","@id":"https:\/\/dwitalia.com\/fr\/privacy-policy\/#breadcrumb","itemListElement":[{"@type":"ListItem","position":1,"name":"Home","item":"https:\/\/dwitalia.com\/fr\/"},{"@type":"ListItem","position":2,"name":"Confidentialit\u00e9 et Cookies"}]},{"@type":"WebSite","@id":"https:\/\/dwitalia.com\/fr\/#website","url":"https:\/\/dwitalia.com\/fr\/","name":"DW Italia","description":"Terzisti di professione","publisher":{"@id":"https:\/\/dwitalia.com\/fr\/#organization"},"potentialAction":[{"@type":"SearchAction","target":{"@type":"EntryPoint","urlTemplate":"https:\/\/dwitalia.com\/fr\/?s={search_term_string}"},"query-input":{"@type":"PropertyValueSpecification","valueRequired":true,"valueName":"search_term_string"}}],"inLanguage":"fr-FR"},{"@type":"Organization","@id":"https:\/\/dwitalia.com\/fr\/#organization","name":"DW Italia","url":"https:\/\/dwitalia.com\/fr\/","logo":{"@type":"ImageObject","inLanguage":"fr-FR","@id":"https:\/\/dwitalia.com\/fr\/#\/schema\/logo\/image\/","url":"https:\/\/dwitalia.com\/wp-content\/uploads\/2024\/07\/LOGO-DW-ITALIA.png","contentUrl":"https:\/\/dwitalia.com\/wp-content\/uploads\/2024\/07\/LOGO-DW-ITALIA.png","width":2573,"height":724,"caption":"DW Italia"},"image":{"@id":"https:\/\/dwitalia.com\/fr\/#\/schema\/logo\/image\/"}}]}},"_links":{"self":[{"href":"https:\/\/dwitalia.com\/fr\/wp-json\/wp\/v2\/pages\/247","targetHints":{"allow":["GET"]}}],"collection":[{"href":"https:\/\/dwitalia.com\/fr\/wp-json\/wp\/v2\/pages"}],"about":[{"href":"https:\/\/dwitalia.com\/fr\/wp-json\/wp\/v2\/types\/page"}],"author":[{"embeddable":true,"href":"https:\/\/dwitalia.com\/fr\/wp-json\/wp\/v2\/users\/1"}],"replies":[{"embeddable":true,"href":"https:\/\/dwitalia.com\/fr\/wp-json\/wp\/v2\/comments?post=247"}],"version-history":[{"count":3,"href":"https:\/\/dwitalia.com\/fr\/wp-json\/wp\/v2\/pages\/247\/revisions"}],"predecessor-version":[{"id":250,"href":"https:\/\/dwitalia.com\/fr\/wp-json\/wp\/v2\/pages\/247\/revisions\/250"}],"wp:attachment":[{"href":"https:\/\/dwitalia.com\/fr\/wp-json\/wp\/v2\/media?parent=247"}],"curies":[{"name":"wp","href":"https:\/\/api.w.org\/{rel}","templated":true}]}}